{"id":177,"date":"2021-02-16T19:23:43","date_gmt":"2021-02-17T01:23:43","guid":{"rendered":"https:\/\/www.handeljkb.com\/comedor-industrial\/comercializadora\/"},"modified":"2021-02-19T13:40:18","modified_gmt":"2021-02-19T19:40:18","slug":"comercializadora","status":"publish","type":"page","link":"https:\/\/www.handeljkb.com\/comedor-industrial\/comercializadora\/","title":{"rendered":"Comercializadora"},"content":{"rendered":"<div id=\"cs-content\" class=\"cs-content\" >\n<div class=\"e177-1 x-section\" >\n    \n<div class=\"x-bg\" aria-hidden=\"true\" >\n  <div class=\"x-bg-layer-lower-image\" data-x-element=\"bg_layer\" data-x-params=\"{&quot;parallaxSize&quot;:&quot;150%&quot;,&quot;parallaxDir&quot;:&quot;v&quot;,&quot;parallaxRev&quot;:false}\" style=\" background-image: url(https:\/\/www.handeljkb.com\/comedor-industrial\/wp-content\/uploads\/revslider\/home4_slide1-2.jpg); background-repeat: no-repeat; background-position: center; background-size: cover;\" ><\/div>  <div class=\"x-bg-layer-upper-color\" style=\" background-color: rgba(255, 0, 0, 0.44);\" ><\/div><\/div>\n  \n<div class=\"e177-2 x-row x-container max width\" >\n  <div class=\"x-row-inner\">\n    \n<div class=\"e177-3 x-col\" >\n    \n<div class=\"e177-4 x-text\" >\n  <\/div>\n<\/div>\n  <\/div>\n  <\/div>\n\n<div class=\"e177-5 x-row x-container max width\" >\n  <div class=\"x-row-inner\">\n    \n<div class=\"e177-6 x-col\" >\n    \n<div class=\"e177-7 x-text\" >\n  <h2><span style=\"color: #ffffff;\">Handel JKB Comercializadora de soluciones del Bajio<\/span><\/h2><\/div>\n<\/div>\n\n<div class=\"e177-8 x-col\" >\n    \n<span class=\"e177-9 x-image\" >\n  <img alt=\"Image\" src=\"https:\/\/www.handeljkb.com\/comedor-industrial\/wp-content\/uploads\/2020\/12\/icono-handel.png\" width=\"300\" height=\"238\" >\n<\/span>\n<\/div>\n\n<div class=\"e177-10 x-col\" >\n    \n<div class=\"e177-11 x-text\" >\n  <p>Agradecemos la oportunidad de poderle ofrecer nuestros servicios de comercializaci\u00f3n de productos de la m\u00e1s alta calidad.<\/p>\n\n<h5><span style=\"color: #ffffff;\">Nuestro Lema<\/span><\/h5>\n<p>\u201cCero paros por falta de materiales o refacciones\u201d<\/p>\n\n<h5><span style=\"color: #ffffff;\">Nuestra Visi\u00f3n<\/span><\/h5>\n<p>Satisfacer las necesidades y expectativas del cliente.<\/p><\/div>\n<\/div>\n  <\/div>\n  <\/div>\n  <\/div>\n\n<div class=\"e177-12 x-section\" >\n      \n<div class=\"e177-13 x-row x-container max width\" >\n  <div class=\"x-row-inner\">\n    \n<div class=\"e177-14 x-col\" >\n    <h5  class=\"h-feature-headline h6\" ><span><i class=\"x-icon-play\" data-x-icon-s=\"&#xf04b;\"  style=\"color: hsl(197, 100%, 50%);background-color: hsl(0, 0%, 100%)!important;\" ><\/i>Nuestros servicios se caracterizan por cumplir las entregas en el menor lapso de tiempo posible en especial si son pedidos de urgencia. Este beneficio es gracias a nuestro flexible horario de trabajo con el que podemos acoplarnos al que su empresa requiera. <\/span><\/h5><h5  class=\"h-feature-headline h6\" ><span><i class=\"x-icon-play\" data-x-icon-s=\"&#xf04b;\"  style=\"color: hsl(0, 100%, 50%);background-color: hsl(0, 0%, 100%)!important;\" ><\/i>Nuestras entregas de materiales son en tiempo y forma de manera que usted no tendr\u00e1 que preocuparse al hacer la compra de cualquier material o refacci\u00f3n para la operaci\u00f3n.<\/span><\/h5><h5  class=\"h-feature-headline h6\" ><span><i class=\"x-icon-play\" data-x-icon-s=\"&#xf04b;\"  style=\"color: hsl(136, 100%, 36%);background-color: hsl(0, 0%, 100%)!important;\" ><\/i>Somos una empresa joven y responsable. Nuestros 5 a\u00f1os de experiencia nos han hecho crecer junto con las empresas que han confiado en nosotros.<\/span><\/h5><h5  class=\"h-feature-headline h6\" ><span><i class=\"x-icon-play\" data-x-icon-s=\"&#xf04b;\"  style=\"color: hsl(41, 100%, 50%);background-color: hsl(0, 0%, 100%)!important;\" ><\/i>Somos especialistas en diferentes sectores, manejamos todo tipo de materiales como neum\u00e1ticos, el\u00e9ctricos,<br \/>\nelectr\u00f3nicos, hidr\u00e1ulicos, todo para la automatizaci\u00f3n y control de maquinarias; y mucho m\u00e1s.<\/span><\/h5><h5  class=\"h-feature-headline h6\" ><span><i class=\"x-icon-play\" data-x-icon-s=\"&#xf04b;\"  style=\"color: hsl(197, 100%, 50%);background-color: hsl(0, 0%, 100%)!important;\" ><\/i>En Handel JKB, entendemos las necesidades y objetivos de su empresa y nos adaptamos a ellos brindandole<br \/>\napoyo en todas sus necesidades con la atenci\u00f3n que usted y su personal requiera.<\/span><\/h5><h5  class=\"h-feature-headline h6\" ><span><i class=\"x-icon-play\" data-x-icon-s=\"&#xf04b;\"  style=\"color: hsl(0, 100%, 50%);background-color: hsl(0, 0%, 100%)!important;\" ><\/i>El equipo de Handel JKB est\u00e1 integrado por los mejores profesionistas en \u00e1reas estrat\u00e9gicas para el<br \/>\nfuncionamiento optimo y brindar el apoyo necesario a nuestros clientes.<\/span><\/h5><\/div>\n  <\/div>\n  <\/div>\n  <\/div>\n\n<div class=\"e177-21 x-section\" >\n      \n<div class=\"e177-22 x-row x-container max width\" >\n  <div class=\"x-row-inner\">\n    \n<div class=\"e177-23 x-col\" >\n    <h2  class=\"h-custom-headline h3\" ><span>Contamos con un stock de productos muy variados en:<\/span><\/h2>\n<hr class=\"e177-25 x-line\" >\n\n<div class=\"e177-26 x-text\" >\n  <ul>\n \t<li><span>Ferreter\u00eda y tlapaler\u00eda<\/span><\/li>\n \t<li><span>Instrumentaci\u00f3n y control<\/span><\/li>\n \t<li><span>Materiales y refacciones neum\u00e1ticas<\/span><\/li>\n \t<li><span>Materiales y refacciones electr\u00f3nicas<\/span><\/li>\n \t<li><span>Materiales y refacciones el\u00e9ctricas<\/span><\/li>\n \t<li><span>Materiales y refacciones hidr\u00e1ulicas<\/span><\/li>\n \t<li><span>Tornilleria en general<\/span><\/li>\n \t<li><span>Herramentales y equipo de seguridad<\/span><\/li>\n<\/ul><\/div>\n<\/div>\n  <\/div>\n  <\/div>\n  <\/div>\n\n<div class=\"e177-27 x-section\" >\n      \n<div class=\"e177-28 x-row x-container max width\" >\n  <div class=\"x-row-inner\">\n    \n<div class=\"e177-29 x-col\" >\n    <h2  class=\"h-custom-headline h3\" ><span>Handel JKB cuenta con la distribuci\u00f3n de la marca COMEX, TELEMECANIQUE Y LAFARGE.<\/span><\/h2>\n<hr class=\"e177-31 x-line\" >\n<\/div>\n  <\/div>\n  <\/div>\n\n<div class=\"e177-32 x-row x-container max width\" >\n  <div class=\"x-row-inner\">\n    \n<div class=\"e177-33 x-col\" >\n    \n<span class=\"e177-34 x-image\" >\n  <img alt=\"Image\" src=\"https:\/\/www.handeljkb.com\/comedor-industrial\/wp-content\/uploads\/2021\/02\/Logo_comex.png\" width=\"482\" height=\"168\" >\n<\/span>\n<\/div>\n\n<div class=\"e177-35 x-col\" >\n    \n<span class=\"e177-36 x-image\" >\n  <img alt=\"Image\" src=\"https:\/\/www.handeljkb.com\/comedor-industrial\/wp-content\/uploads\/2021\/02\/1280px-Telemecanique_Logo.svg_.png\" width=\"640\" height=\"94\" >\n<\/span>\n<\/div>\n\n<div class=\"e177-37 x-col\" >\n    \n<span class=\"e177-38 x-image\" >\n  <img alt=\"Image\" src=\"https:\/\/www.handeljkb.com\/comedor-industrial\/wp-content\/uploads\/2021\/02\/1280px-Lafarge_Unternehmen_logo.svg_.png\" width=\"640\" height=\"214\" >\n<\/span>\n<\/div>\n\n<div class=\"e177-39 x-col\" >\n    <h2  class=\"h-custom-headline h3\" ><span>\u201cSi lo requieres lo tenemos y si no lo conseguimos.\u201d<\/span><\/h2>\n<span class=\"e177-41 x-image\" >\n  <img alt=\"Image\" src=\"https:\/\/www.handeljkb.com\/comedor-industrial\/wp-content\/uploads\/2020\/12\/icono-handel.png\" width=\"300\" height=\"238\" >\n<\/span>\n<\/div>\n  <\/div>\n  <\/div>\n  <\/div>\n<\/div>\n","protected":false},"excerpt":{"rendered":"<p>Handel JKB Comercializadora de soluciones del Bajio Agradecemos la oportunidad de poderle ofrecer nuestros servicios de comercializaci\u00f3n de productos de la m\u00e1s alta calidad. Nuestro Lema \u201cCero paros por falta de materiales o refacciones\u201d Nuestra Visi\u00f3n Satisfacer las necesidades y expectativas del cliente. Nuestros servicios se caracterizan por cumplir las entregas en el menor lapso de tiempo posible en especial &#8230; <\/p>\n<div><a href=\"https:\/\/www.handeljkb.com\/comedor-industrial\/comercializadora\/\" class=\"more-link\">Read More<\/a><\/div>\n","protected":false},"author":1,"featured_media":0,"parent":0,"menu_order":0,"comment_status":"closed","ping_status":"closed","template":"template-blank-4.php","meta":[],"yoast_head":"<!-- This site is optimized with the Yoast SEO plugin v16.0.1 - https:\/\/yoast.com\/wordpress\/plugins\/seo\/ -->\n<title>Comercializadora - Handel<\/title>\n<meta name=\"robots\" content=\"index, follow, max-snippet:-1, max-image-preview:large, max-video-preview:-1\" \/>\n<link rel=\"canonical\" href=\"https:\/\/www.handeljkb.com\/comedor-industrial\/comercializadora\/\" \/>\n<meta property=\"og:locale\" content=\"es_ES\" \/>\n<meta property=\"og:type\" content=\"article\" \/>\n<meta property=\"og:title\" content=\"Comercializadora - Handel\" \/>\n<meta property=\"og:description\" content=\"Handel JKB Comercializadora de soluciones del Bajio Agradecemos la oportunidad de poderle ofrecer nuestros servicios de comercializaci\u00f3n de productos de la m\u00e1s alta calidad. Nuestro Lema \u201cCero paros por falta de materiales o refacciones\u201d Nuestra Visi\u00f3n Satisfacer las necesidades y expectativas del cliente. Nuestros servicios se caracterizan por cumplir las entregas en el menor lapso de tiempo posible en especial ... Read More\" \/>\n<meta property=\"og:url\" content=\"https:\/\/www.handeljkb.com\/comedor-industrial\/comercializadora\/\" \/>\n<meta property=\"og:site_name\" content=\"Handel\" \/>\n<meta property=\"article:modified_time\" content=\"2021-02-19T19:40:18+00:00\" \/>\n<meta property=\"og:image\" content=\"https:\/\/www.handeljkb.com\/comedor-industrial\/wp-content\/uploads\/2020\/12\/icono-handel.png\" \/>\n<meta name=\"twitter:card\" content=\"summary_large_image\" \/>\n<meta name=\"twitter:label1\" content=\"Tiempo de lectura\">\n\t<meta name=\"twitter:data1\" content=\"5 minutos\">\n<script type=\"application\/ld+json\" class=\"yoast-schema-graph\">{\"@context\":\"https:\/\/schema.org\",\"@graph\":[{\"@type\":\"WebSite\",\"@id\":\"https:\/\/www.handeljkb.com\/comedor-industrial\/#website\",\"url\":\"https:\/\/www.handeljkb.com\/comedor-industrial\/\",\"name\":\"Handel\",\"description\":\"Comedor Industrial\",\"potentialAction\":[{\"@type\":\"SearchAction\",\"target\":\"https:\/\/www.handeljkb.com\/comedor-industrial\/?s={search_term_string}\",\"query-input\":\"required name=search_term_string\"}],\"inLanguage\":\"es\"},{\"@type\":\"ImageObject\",\"@id\":\"https:\/\/www.handeljkb.com\/comedor-industrial\/comercializadora\/#primaryimage\",\"inLanguage\":\"es\",\"url\":\"https:\/\/www.handeljkb.com\/comedor-industrial\/wp-content\/uploads\/2020\/12\/icono-handel.png\",\"width\":600,\"height\":475},{\"@type\":\"WebPage\",\"@id\":\"https:\/\/www.handeljkb.com\/comedor-industrial\/comercializadora\/#webpage\",\"url\":\"https:\/\/www.handeljkb.com\/comedor-industrial\/comercializadora\/\",\"name\":\"Comercializadora - Handel\",\"isPartOf\":{\"@id\":\"https:\/\/www.handeljkb.com\/comedor-industrial\/#website\"},\"primaryImageOfPage\":{\"@id\":\"https:\/\/www.handeljkb.com\/comedor-industrial\/comercializadora\/#primaryimage\"},\"datePublished\":\"2021-02-17T01:23:43+00:00\",\"dateModified\":\"2021-02-19T19:40:18+00:00\",\"breadcrumb\":{\"@id\":\"https:\/\/www.handeljkb.com\/comedor-industrial\/comercializadora\/#breadcrumb\"},\"inLanguage\":\"es\",\"potentialAction\":[{\"@type\":\"ReadAction\",\"target\":[\"https:\/\/www.handeljkb.com\/comedor-industrial\/comercializadora\/\"]}]},{\"@type\":\"BreadcrumbList\",\"@id\":\"https:\/\/www.handeljkb.com\/comedor-industrial\/comercializadora\/#breadcrumb\",\"itemListElement\":[{\"@type\":\"ListItem\",\"position\":1,\"item\":{\"@type\":\"WebPage\",\"@id\":\"https:\/\/www.handeljkb.com\/comedor-industrial\/\",\"url\":\"https:\/\/www.handeljkb.com\/comedor-industrial\/\",\"name\":\"Portada\"}},{\"@type\":\"ListItem\",\"position\":2,\"item\":{\"@type\":\"WebPage\",\"@id\":\"https:\/\/www.handeljkb.com\/comedor-industrial\/comercializadora\/\",\"url\":\"https:\/\/www.handeljkb.com\/comedor-industrial\/comercializadora\/\",\"name\":\"Comercializadora\"}}]}]}<\/script>\n<!-- \/ Yoast SEO plugin. -->","_links":{"self":[{"href":"https:\/\/www.handeljkb.com\/comedor-industrial\/wp-json\/wp\/v2\/pages\/177"}],"collection":[{"href":"https:\/\/www.handeljkb.com\/comedor-industrial\/wp-json\/wp\/v2\/pages"}],"about":[{"href":"https:\/\/www.handeljkb.com\/comedor-industrial\/wp-json\/wp\/v2\/types\/page"}],"author":[{"embeddable":true,"href":"https:\/\/www.handeljkb.com\/comedor-industrial\/wp-json\/wp\/v2\/users\/1"}],"replies":[{"embeddable":true,"href":"https:\/\/www.handeljkb.com\/comedor-industrial\/wp-json\/wp\/v2\/comments?post=177"}],"version-history":[{"count":18,"href":"https:\/\/www.handeljkb.com\/comedor-industrial\/wp-json\/wp\/v2\/pages\/177\/revisions"}],"predecessor-version":[{"id":202,"href":"https:\/\/www.handeljkb.com\/comedor-industrial\/wp-json\/wp\/v2\/pages\/177\/revisions\/202"}],"wp:attachment":[{"href":"https:\/\/www.handeljkb.com\/comedor-industrial\/wp-json\/wp\/v2\/media?parent=177"}],"curies":[{"name":"wp","href":"https:\/\/api.w.org\/{rel}","templated":true}]}}