{"id":54,"date":"2020-12-15T02:23:52","date_gmt":"2020-12-15T02:23:52","guid":{"rendered":"https:\/\/www.handeljkb.com\/comedor-industrial\/?page_id=54"},"modified":"2021-02-04T19:26:14","modified_gmt":"2021-02-05T01:26:14","slug":"nosotros","status":"publish","type":"page","link":"https:\/\/www.handeljkb.com\/comedor-industrial\/nosotros\/","title":{"rendered":"Nosotros"},"content":{"rendered":"<div id=\"cs-content\" class=\"cs-content\" >\n<div class=\"e54-1 x-section\" >\n    \n<div class=\"x-bg\" aria-hidden=\"true\" >\n  <div class=\"x-bg-layer-lower-image\" data-x-element=\"bg_layer\" data-x-params=\"{&quot;parallaxSize&quot;:&quot;150%&quot;,&quot;parallaxDir&quot;:&quot;v&quot;,&quot;parallaxRev&quot;:false}\" style=\" background-image: url(https:\/\/www.handeljkb.com\/comedor-industrial\/wp-content\/uploads\/2021\/01\/CGR8136-scaled.jpg); background-repeat: no-repeat; background-position: center; background-size: cover;\" ><\/div>  <div class=\"x-bg-layer-upper-color\" style=\" background-color: rgba(255, 0, 0, 0.44);\" ><\/div><\/div>\n  \n<div class=\"e54-2 x-row x-container max width\" >\n  <div class=\"x-row-inner\">\n    \n<div class=\"e54-3 x-col\" >\n    \n<div class=\"e54-4 x-text\" >\n  <h2><span style=\"color: #ffffff;\">Misi\u00f3n<\/span><\/h2><\/div>\n<\/div>\n\n<div class=\"e54-5 x-col\" >\n    \n<span class=\"e54-6 x-image\" >\n  <img alt=\"Image\" src=\"https:\/\/www.handeljkb.com\/comedor-industrial\/wp-content\/uploads\/2020\/12\/icono-handel.png\" width=\"300\" height=\"238\" >\n<\/span>\n<\/div>\n\n<div class=\"e54-7 x-col\" >\n    \n<div class=\"e54-8 x-text\" >\n  Nuestra misi\u00f3n es brindar una alimentaci\u00f3n de calidad\nbalanceada y nutritiva a comensales en las instituciones\ncontribuyendo as\u00ed a un mejor bienestar f\u00edsico e\nintelectual, logrando un mejor desempe\u00f1o laboral.<\/div>\n<\/div>\n  <\/div>\n  \n<div class=\"x-bg\" aria-hidden=\"true\" >\n    <\/div>\n<\/div>\n  <\/div>\n\n<div class=\"e54-9 x-section\" >\n    \n<div class=\"x-bg\" aria-hidden=\"true\" >\n  <div class=\"x-bg-layer-lower-image\" data-x-element=\"bg_layer\" data-x-params=\"{&quot;parallaxSize&quot;:&quot;150%&quot;,&quot;parallaxDir&quot;:&quot;v&quot;,&quot;parallaxRev&quot;:false}\" style=\" background-image: url(https:\/\/www.handeljkb.com\/comedor-industrial\/wp-content\/uploads\/2021\/01\/vision-scaled.jpg); background-repeat: no-repeat; background-position: center; background-size: cover;\" ><\/div>  <div class=\"x-bg-layer-upper-color\" style=\" background-color: rgba(255, 148, 0, 0.5);\" ><\/div><\/div>\n  \n<div class=\"e54-10 x-row x-container max width\" >\n  <div class=\"x-row-inner\">\n    \n<div class=\"e54-11 x-col\" >\n    \n<div class=\"e54-12 x-text\" >\n  <h2>Visi\u00f3n<\/h2><\/div>\n<\/div>\n\n<div class=\"e54-13 x-col\" >\n    \n<span class=\"e54-14 x-image\" >\n  <img alt=\"Image\" src=\"https:\/\/www.handeljkb.com\/comedor-industrial\/wp-content\/uploads\/2020\/12\/icono-handel.png\" width=\"300\" height=\"238\" >\n<\/span>\n<\/div>\n\n<div class=\"e54-15 x-col\" >\n    \n<div class=\"e54-16 x-text\" >\n  Consolidarnos como una empresa dedicada a la\nalimentaci\u00f3n balanceada y nutritiva a comensales,\nimplementando sistemas de comedores innovadores y\npr\u00e1cticos.<\/div>\n<\/div>\n  <\/div>\n  <\/div>\n  <\/div>\n\n<div class=\"e54-17 x-section\" >\n    \n<div class=\"x-bg\" aria-hidden=\"true\" >\n  <div class=\"x-bg-layer-lower-image\" data-x-element=\"bg_layer\" data-x-params=\"{&quot;parallaxSize&quot;:&quot;150%&quot;,&quot;parallaxDir&quot;:&quot;v&quot;,&quot;parallaxRev&quot;:true}\" style=\" background-image: url(https:\/\/www.handeljkb.com\/comedor-industrial\/wp-content\/uploads\/2021\/02\/NOSOTROS.jpg); background-repeat: no-repeat; background-position: TOP; background-size: cover;\" ><\/div>  <div class=\"x-bg-layer-upper-color\" style=\" background-color: rgba(0, 151, 54, 0.79);\" ><\/div><\/div>\n  \n<div class=\"e54-18 x-row x-container max width\" >\n  <div class=\"x-row-inner\">\n    \n<div class=\"e54-19 x-col\" >\n    \n<div class=\"e54-20 x-text\" >\n  <h2>Valores<\/h2><\/div>\n<\/div>\n\n<div class=\"e54-21 x-col\" >\n    \n<span class=\"e54-22 x-image\" >\n  <img alt=\"Image\" src=\"https:\/\/www.handeljkb.com\/comedor-industrial\/wp-content\/uploads\/2020\/12\/icono-handel.png\" width=\"300\" height=\"238\" >\n<\/span>\n<\/div>\n\n<div class=\"e54-23 x-col\" >\n    \n<div class=\"e54-24 x-text\" >\n  <ul>\n \t<li>Actitud de servicio<\/li>\n \t<li>Honestidad<\/li>\n \t<li>Respeto<\/li>\n \t<li>Amabilidad<\/li>\n \t<li>Responsabilidad<\/li>\n \t<li>Calidad<\/li>\n \t<li>Higiene<\/li>\n<\/ul><\/div>\n<\/div>\n  <\/div>\n  <\/div>\n  <\/div>\n\n<div class=\"e54-25 x-section\" >\n      \n<div class=\"e54-26 x-row x-container max width\" >\n  <div class=\"x-row-inner\">\n    \n<div class=\"e54-27 x-col\" >\n    \n<div class=\"e54-28 x-text\" >\n  <h2>Nuestro Personal cumple con:<\/h2><\/div>\n\n<hr class=\"e54-29 x-line\" >\n\n<div class=\"e54-30 x-text\" >\n  <ul>\n \t<li>Uso de uniforme correspondiente.<\/li>\n \t<li>Uso de cofia y cubrebocas en todo momento.<\/li>\n \t<li>Cabello recogido y aseado.<\/li>\n \t<li>U\u00f1as cortas, limpias y sin esmalte.<\/li>\n \t<li>No portar joyas ni utilizar ning\u00fan tipo de perfume.<\/li>\n \t<li>Mantener el \u00e1rea de trabajo limpia y desinfectada.<\/li>\n \t<li>Personal capacitado y dirigido por un chef que estar\u00e1 en todo momento elaborando los men\u00fas dentro de sus instalaciones.<\/li>\n<\/ul><\/div>\n<\/div>\n\n<div class=\"e54-31 x-col\" >\n    \n<span class=\"e54-32 x-image\" >\n  <img alt=\"Personal con medidas de higiene\" src=\"https:\/\/www.handeljkb.com\/comedor-industrial\/wp-content\/uploads\/2021\/02\/NOSOTROS.jpg\" width=\"640\" height=\"427\" >\n<\/span>\n<\/div>\n  <\/div>\n  <\/div>\n  <\/div>\n\n<div class=\"e54-33 x-section\" >\n    \n<div class=\"x-bg\" aria-hidden=\"true\" >\n    <\/div>\n  \n<div class=\"e54-34 x-row x-container max width\" >\n  <div class=\"x-row-inner\">\n    \n<div class=\"e54-35 x-col\" >\n    \n<span class=\"e54-36 x-image\" >\n  <img alt=\"Image\" src=\"https:\/\/www.handeljkb.com\/comedor-industrial\/wp-content\/uploads\/2021\/01\/experiencia.jpg\" width=\"480\" height=\"640\" >\n<\/span>\n<\/div>\n\n<div class=\"e54-37 x-col\" >\n    \n<div class=\"e54-38 x-text\" >\n  <h2><span style=\"color: #ffffff;\">Experiencia:<\/span><\/h2><\/div>\n\n<hr class=\"e54-39 x-line\" >\n\n<div class=\"e54-40 x-text\" >\n  <ul>\n \t<li>Comedores escolares.<\/li>\n \t<li>Actualmente damos servicio a 575 comensales en la Escuela secundaria de tiempo completo Acamapichtli ubicada en Iztapalapa CDMX.<\/li>\n \t<li>Comedor industrial Boehringer Ingelheim (PROMECO).<\/li>\n \t<li>Actualmente damos servicio a 1000 comensales ubicado en Xochimilco CDMX.<\/li>\n<\/ul>\n<h4 style=\"text-align: center;\"><span style=\"color: #ffffff;\"> Nuestros clientes:<\/span><\/h4>\n<ul>\n \t<li>Moce ingenieria<\/li>\n \t<li>Exco Global<\/li>\n \t<li>Altcam<\/li>\n \t<li>Grupo Ramon Garc\u00eda (proxima Apertura)<\/li>\n<\/ul><\/div>\n<\/div>\n  <\/div>\n  <\/div>\n  <\/div>\n<\/div>\n","protected":false},"excerpt":{"rendered":"<p>Misi\u00f3n Nuestra misi\u00f3n es brindar una alimentaci\u00f3n de calidad balanceada y nutritiva a comensales en las instituciones contribuyendo as\u00ed a un mejor bienestar f\u00edsico e intelectual, logrando un mejor desempe\u00f1o laboral. Visi\u00f3n Consolidarnos como una empresa dedicada a la alimentaci\u00f3n balanceada y nutritiva a comensales, implementando sistemas de comedores innovadores y pr\u00e1cticos. Valores Actitud de servicio Honestidad Respeto Amabilidad Responsabilidad &#8230; <\/p>\n<div><a href=\"https:\/\/www.handeljkb.com\/comedor-industrial\/nosotros\/\" class=\"more-link\">Read More<\/a><\/div>\n","protected":false},"author":1,"featured_media":0,"parent":0,"menu_order":0,"comment_status":"closed","ping_status":"closed","template":"template-blank-4.php","meta":[],"yoast_head":"<!-- This site is optimized with the Yoast SEO plugin v16.0.1 - https:\/\/yoast.com\/wordpress\/plugins\/seo\/ -->\n<title>Nosotros - Handel<\/title>\n<meta name=\"robots\" content=\"index, follow, max-snippet:-1, max-image-preview:large, max-video-preview:-1\" \/>\n<link rel=\"canonical\" href=\"https:\/\/www.handeljkb.com\/comedor-industrial\/nosotros\/\" \/>\n<meta property=\"og:locale\" content=\"es_ES\" \/>\n<meta property=\"og:type\" content=\"article\" \/>\n<meta property=\"og:title\" content=\"Nosotros - Handel\" \/>\n<meta property=\"og:description\" content=\"Misi\u00f3n Nuestra misi\u00f3n es brindar una alimentaci\u00f3n de calidad balanceada y nutritiva a comensales en las instituciones contribuyendo as\u00ed a un mejor bienestar f\u00edsico e intelectual, logrando un mejor desempe\u00f1o laboral. Visi\u00f3n Consolidarnos como una empresa dedicada a la alimentaci\u00f3n balanceada y nutritiva a comensales, implementando sistemas de comedores innovadores y pr\u00e1cticos. Valores Actitud de servicio Honestidad Respeto Amabilidad Responsabilidad ... Read More\" \/>\n<meta property=\"og:url\" content=\"https:\/\/www.handeljkb.com\/comedor-industrial\/nosotros\/\" \/>\n<meta property=\"og:site_name\" content=\"Handel\" \/>\n<meta property=\"article:modified_time\" content=\"2021-02-05T01:26:14+00:00\" \/>\n<meta property=\"og:image\" content=\"https:\/\/www.handeljkb.com\/comedor-industrial\/wp-content\/uploads\/2020\/12\/icono-handel.png\" \/>\n<meta name=\"twitter:card\" content=\"summary_large_image\" \/>\n<meta name=\"twitter:label1\" content=\"Tiempo de lectura\">\n\t<meta name=\"twitter:data1\" content=\"2 minutos\">\n<script type=\"application\/ld+json\" class=\"yoast-schema-graph\">{\"@context\":\"https:\/\/schema.org\",\"@graph\":[{\"@type\":\"WebSite\",\"@id\":\"https:\/\/www.handeljkb.com\/comedor-industrial\/#website\",\"url\":\"https:\/\/www.handeljkb.com\/comedor-industrial\/\",\"name\":\"Handel\",\"description\":\"Comedor Industrial\",\"potentialAction\":[{\"@type\":\"SearchAction\",\"target\":\"https:\/\/www.handeljkb.com\/comedor-industrial\/?s={search_term_string}\",\"query-input\":\"required name=search_term_string\"}],\"inLanguage\":\"es\"},{\"@type\":\"ImageObject\",\"@id\":\"https:\/\/www.handeljkb.com\/comedor-industrial\/nosotros\/#primaryimage\",\"inLanguage\":\"es\",\"url\":\"https:\/\/www.handeljkb.com\/comedor-industrial\/wp-content\/uploads\/2020\/12\/icono-handel.png\",\"width\":600,\"height\":475},{\"@type\":\"WebPage\",\"@id\":\"https:\/\/www.handeljkb.com\/comedor-industrial\/nosotros\/#webpage\",\"url\":\"https:\/\/www.handeljkb.com\/comedor-industrial\/nosotros\/\",\"name\":\"Nosotros - Handel\",\"isPartOf\":{\"@id\":\"https:\/\/www.handeljkb.com\/comedor-industrial\/#website\"},\"primaryImageOfPage\":{\"@id\":\"https:\/\/www.handeljkb.com\/comedor-industrial\/nosotros\/#primaryimage\"},\"datePublished\":\"2020-12-15T02:23:52+00:00\",\"dateModified\":\"2021-02-05T01:26:14+00:00\",\"breadcrumb\":{\"@id\":\"https:\/\/www.handeljkb.com\/comedor-industrial\/nosotros\/#breadcrumb\"},\"inLanguage\":\"es\",\"potentialAction\":[{\"@type\":\"ReadAction\",\"target\":[\"https:\/\/www.handeljkb.com\/comedor-industrial\/nosotros\/\"]}]},{\"@type\":\"BreadcrumbList\",\"@id\":\"https:\/\/www.handeljkb.com\/comedor-industrial\/nosotros\/#breadcrumb\",\"itemListElement\":[{\"@type\":\"ListItem\",\"position\":1,\"item\":{\"@type\":\"WebPage\",\"@id\":\"https:\/\/www.handeljkb.com\/comedor-industrial\/\",\"url\":\"https:\/\/www.handeljkb.com\/comedor-industrial\/\",\"name\":\"Portada\"}},{\"@type\":\"ListItem\",\"position\":2,\"item\":{\"@type\":\"WebPage\",\"@id\":\"https:\/\/www.handeljkb.com\/comedor-industrial\/nosotros\/\",\"url\":\"https:\/\/www.handeljkb.com\/comedor-industrial\/nosotros\/\",\"name\":\"Nosotros\"}}]}]}<\/script>\n<!-- \/ Yoast SEO plugin. -->","_links":{"self":[{"href":"https:\/\/www.handeljkb.com\/comedor-industrial\/wp-json\/wp\/v2\/pages\/54"}],"collection":[{"href":"https:\/\/www.handeljkb.com\/comedor-industrial\/wp-json\/wp\/v2\/pages"}],"about":[{"href":"https:\/\/www.handeljkb.com\/comedor-industrial\/wp-json\/wp\/v2\/types\/page"}],"author":[{"embeddable":true,"href":"https:\/\/www.handeljkb.com\/comedor-industrial\/wp-json\/wp\/v2\/users\/1"}],"replies":[{"embeddable":true,"href":"https:\/\/www.handeljkb.com\/comedor-industrial\/wp-json\/wp\/v2\/comments?post=54"}],"version-history":[{"count":15,"href":"https:\/\/www.handeljkb.com\/comedor-industrial\/wp-json\/wp\/v2\/pages\/54\/revisions"}],"predecessor-version":[{"id":162,"href":"https:\/\/www.handeljkb.com\/comedor-industrial\/wp-json\/wp\/v2\/pages\/54\/revisions\/162"}],"wp:attachment":[{"href":"https:\/\/www.handeljkb.com\/comedor-industrial\/wp-json\/wp\/v2\/media?parent=54"}],"curies":[{"name":"wp","href":"https:\/\/api.w.org\/{rel}","templated":true}]}}