{"id":60,"date":"2020-12-15T02:24:59","date_gmt":"2020-12-15T02:24:59","guid":{"rendered":"https:\/\/www.handeljkb.com\/comedor-industrial\/?page_id=60"},"modified":"2021-03-08T21:52:34","modified_gmt":"2021-03-09T03:52:34","slug":"contacto","status":"publish","type":"page","link":"https:\/\/www.handeljkb.com\/comedor-industrial\/contacto\/","title":{"rendered":"Contacto"},"content":{"rendered":"<div id=\"cs-content\" class=\"cs-content\" >\n<div class=\"e60-1 x-section\" >\n    \n<div class=\"x-bg\" aria-hidden=\"true\" >\n    <div class=\"x-bg-layer-upper-color\" style=\" background-color: rgba(255, 255, 255, 0.84);\" ><\/div><\/div>\n  \n<div class=\"e60-2 x-row x-container max width\" >\n  <div class=\"x-row-inner\">\n    \n<div class=\"e60-3 x-col\" >\n  \n<div class=\"x-bg\" aria-hidden=\"true\" >\n    <\/div>\n  \n<div class=\"e60-4 x-text\" >\n  Nos encantar\u00e1 ser proveedor de su empresa<\/div>\n<\/div>\n\n<div class=\"e60-5 x-col\" >\n    \n<span class=\"e60-6 x-image\" >\n  <img alt=\"Image\" src=\"https:\/\/www.handeljkb.com\/comedor-industrial\/wp-content\/uploads\/2020\/12\/Handel-2020-1.png\" width=\"222\" height=\"228\" >\n<\/span>\n<\/div>\n\n<div class=\"e60-7 x-col\" >\n    \n<div class=\"e60-8 x-text\" >\n  <p>Karen Fernanda Vaca Favela<\/p>\n<p>Tel\u00e9fono Celular 4428250588 <span>contacto@handeljkb.com<\/span><\/p><\/div>\n<\/div>\n  <\/div>\n  <\/div>\n\n<div class=\"e60-9 x-row x-container max width\" >\n  <div class=\"x-row-inner\">\n    \n<div class=\"e60-10 x-col\" >\n    \n<div class=\"e60-11 x-text\" >\n  Privada Santa Cruz #19, Edif. 3B \u2013 201, Col. Los \u00c1ngeles, Delegaci\u00f3n Iztapalapa. C.P. 09830, M\u00e9xico, D.F.<\/div>\n<\/div>\n\n<div class=\"e60-12 x-col\" >\n    \n<div class=\"e60-13 x-text\" >\n  Boulevard Luis Vega y Monroy 409 Col Balaustradas, Queretaro Qro.<\/div>\n<\/div>\n  <\/div>\n  <\/div>\n\n<div class=\"e60-14 x-row x-container max width\" >\n  <div class=\"x-row-inner\">\n    \n<div class=\"e60-15 x-col\" >\n    \n<div class=\"e60-16 x-frame x-frame-map-embed\" >\n  <div class=\"x-frame-inner\">\n    \n<div class=\"e60-16 x-map x-map-embed\" >\n  <iframe src=\"https:\/\/www.google.com\/maps\/embed?pb=!1m18!1m12!1m3!1d3764.548816139588!2d-99.07551648484798!3d19.3453750484764!2m3!1f0!2f0!3f0!3m2!1i1024!2i768!4f13.1!3m3!1m2!1s0x85d1fd8c7d109913%3A0x4c0ae90ea1086fa4!2sSta.%20Cruz%2019%2C%20Los%20%C3%81ngeles%2C%20Iztapalapa%2C%2009830%20Ciudad%20de%20M%C3%A9xico%2C%20CDMX!5e0!3m2!1ses-419!2smx!4v1610476581402!5m2!1ses-419!2smx\" width=\"600\" height=\"450\" frameborder=\"0\" style=\"border:0;\" allowfullscreen=\"\" aria-hidden=\"false\" tabindex=\"0\"><\/iframe><\/div>\n  <\/div>\n<\/div>\n<\/div>\n\n<div class=\"e60-17 x-col\" >\n    \n<div class=\"e60-18 x-frame x-frame-map-embed\" >\n  <div class=\"x-frame-inner\">\n    \n<div class=\"e60-18 x-map x-map-embed\" >\n  <iframe src=\"https:\/\/www.google.com\/maps\/embed?pb=!1m18!1m12!1m3!1d3735.284866698707!2d-100.38323258483481!3d20.57642110844132!2m3!1f0!2f0!3f0!3m2!1i1024!2i768!4f13.1!3m3!1m2!1s0x85d344c50d6c84b7%3A0x17b03f40b1fc33da!2sAv.%20Luis%20Vega%20Monrroy%20409%2C%20zona%20dos%20extendida%2C%20Quinta%20Balaustradas%2C%2076079%20Santiago%20de%20Quer%C3%A9taro%2C%20Qro.!5e0!3m2!1ses-419!2smx!4v1610476887694!5m2!1ses-419!2smx\" width=\"600\" height=\"450\" frameborder=\"0\" style=\"border:0;\" allowfullscreen=\"\" aria-hidden=\"false\" tabindex=\"0\"><\/iframe><\/div>\n  <\/div>\n<\/div>\n<\/div>\n  <\/div>\n  <\/div>\n\n<div class=\"e60-19 x-row x-container max width\" >\n  <div class=\"x-row-inner\">\n    \n<div class=\"e60-20 x-col\" >\n    \n<div class=\"e60-21 x-text\" >\n  Puedes escribirnos directo en este formulario, estaremos en contacto lo antes posible.<\/div>\n<div role=\"form\" class=\"wpcf7\" id=\"wpcf7-f86-o1\" lang=\"en\" dir=\"ltr\">\n<div class=\"screen-reader-response\"><p role=\"status\" aria-live=\"polite\" aria-atomic=\"true\"><\/p> <ul><\/ul><\/div>\n<form action=\"\/comedor-industrial\/wp-json\/wp\/v2\/pages\/60#wpcf7-f86-o1\" method=\"post\" class=\"wpcf7-form init\" novalidate=\"novalidate\" data-status=\"init\">\n<div style=\"display: none;\">\n<input type=\"hidden\" name=\"_wpcf7\" value=\"86\" \/>\n<input type=\"hidden\" name=\"_wpcf7_version\" value=\"5.4\" \/>\n<input type=\"hidden\" name=\"_wpcf7_locale\" value=\"en\" \/>\n<input type=\"hidden\" name=\"_wpcf7_unit_tag\" value=\"wpcf7-f86-o1\" \/>\n<input type=\"hidden\" name=\"_wpcf7_container_post\" value=\"0\" \/>\n<input type=\"hidden\" name=\"_wpcf7_posted_data_hash\" value=\"\" \/>\n<input type=\"hidden\" name=\"_wpcf7_recaptcha_response\" value=\"\" \/>\n<\/div>\n<p><label> Nombre<br \/>\n    <span class=\"wpcf7-form-control-wrap your-name\"><input type=\"text\" name=\"your-name\" value=\"\" size=\"40\" class=\"wpcf7-form-control wpcf7-text wpcf7-validates-as-required\" aria-required=\"true\" aria-invalid=\"false\" \/><\/span> <\/label><\/p>\n<p><label> Email<br \/>\n    <span class=\"wpcf7-form-control-wrap your-email\"><input type=\"email\" name=\"your-email\" value=\"\" size=\"40\" class=\"wpcf7-form-control wpcf7-text wpcf7-email wpcf7-validates-as-required wpcf7-validates-as-email\" aria-required=\"true\" aria-invalid=\"false\" \/><\/span> <\/label><\/p>\n<p><label> Asunto<br \/>\n    <span class=\"wpcf7-form-control-wrap your-subject\"><input type=\"text\" name=\"your-subject\" value=\"\" size=\"40\" class=\"wpcf7-form-control wpcf7-text wpcf7-validates-as-required\" aria-required=\"true\" aria-invalid=\"false\" \/><\/span> <\/label><\/p>\n<p><label> Mensaje (optional)<br \/>\n    <span class=\"wpcf7-form-control-wrap your-message\"><textarea name=\"your-message\" cols=\"40\" rows=\"10\" class=\"wpcf7-form-control wpcf7-textarea\" aria-invalid=\"false\"><\/textarea><\/span> <\/label><\/p>\n<p><input type=\"submit\" value=\"Enviar\" class=\"wpcf7-form-control wpcf7-submit\" \/><\/p>\n<div class=\"wpcf7-response-output\" aria-hidden=\"true\"><\/div><\/form><\/div><\/div>\n\n<div class=\"e60-23 x-col\" >\n    \n<span class=\"e60-24 x-image\" >\n  <img alt=\"Image\" src=\"https:\/\/www.handeljkb.com\/comedor-industrial\/wp-content\/uploads\/2021\/01\/contacto-scaled.jpg\" width=\"1280\" height=\"853\" >\n<\/span>\n<\/div>\n  <\/div>\n  <\/div>\n  <\/div>\n<\/div>\n","protected":false},"excerpt":{"rendered":"<p>Nos encantar\u00e1 ser proveedor de su empresa Karen Fernanda Vaca Favela Tel\u00e9fono Celular 4428250588 contacto@handeljkb.com Privada Santa Cruz #19, Edif. 3B \u2013 201, Col. Los \u00c1ngeles, Delegaci\u00f3n Iztapalapa. C.P. 09830, M\u00e9xico, D.F. Boulevard Luis Vega y Monroy 409 Col Balaustradas, Queretaro Qro. Puedes escribirnos directo en este formulario, estaremos en contacto lo antes posible. Nombre Email Asunto Mensaje (optional)<\/p>\n","protected":false},"author":1,"featured_media":0,"parent":0,"menu_order":0,"comment_status":"closed","ping_status":"closed","template":"template-blank-5.php","meta":[],"yoast_head":"<!-- This site is optimized with the Yoast SEO plugin v16.0.1 - https:\/\/yoast.com\/wordpress\/plugins\/seo\/ -->\n<title>Contacto - Handel<\/title>\n<meta name=\"robots\" content=\"index, follow, max-snippet:-1, max-image-preview:large, max-video-preview:-1\" \/>\n<link rel=\"canonical\" href=\"https:\/\/www.handeljkb.com\/comedor-industrial\/contacto\/\" \/>\n<meta property=\"og:locale\" content=\"es_ES\" \/>\n<meta property=\"og:type\" content=\"article\" \/>\n<meta property=\"og:title\" content=\"Contacto - Handel\" \/>\n<meta property=\"og:description\" content=\"Nos encantar\u00e1 ser proveedor de su empresa Karen Fernanda Vaca Favela Tel\u00e9fono Celular 4428250588 contacto@handeljkb.com Privada Santa Cruz #19, Edif. 3B \u2013 201, Col. Los \u00c1ngeles, Delegaci\u00f3n Iztapalapa. C.P. 09830, M\u00e9xico, D.F. Boulevard Luis Vega y Monroy 409 Col Balaustradas, Queretaro Qro. Puedes escribirnos directo en este formulario, estaremos en contacto lo antes posible. Nombre Email Asunto Mensaje (optional)\" \/>\n<meta property=\"og:url\" content=\"https:\/\/www.handeljkb.com\/comedor-industrial\/contacto\/\" \/>\n<meta property=\"og:site_name\" content=\"Handel\" \/>\n<meta property=\"article:modified_time\" content=\"2021-03-09T03:52:34+00:00\" \/>\n<meta property=\"og:image\" content=\"https:\/\/www.handeljkb.com\/comedor-industrial\/wp-content\/uploads\/2020\/12\/Handel-2020-1.png\" \/>\n<meta name=\"twitter:card\" content=\"summary_large_image\" \/>\n<meta name=\"twitter:label1\" content=\"Tiempo de lectura\">\n\t<meta name=\"twitter:data1\" content=\"1 minuto\">\n<script type=\"application\/ld+json\" class=\"yoast-schema-graph\">{\"@context\":\"https:\/\/schema.org\",\"@graph\":[{\"@type\":\"WebSite\",\"@id\":\"https:\/\/www.handeljkb.com\/comedor-industrial\/#website\",\"url\":\"https:\/\/www.handeljkb.com\/comedor-industrial\/\",\"name\":\"Handel\",\"description\":\"Comedor Industrial\",\"potentialAction\":[{\"@type\":\"SearchAction\",\"target\":\"https:\/\/www.handeljkb.com\/comedor-industrial\/?s={search_term_string}\",\"query-input\":\"required name=search_term_string\"}],\"inLanguage\":\"es\"},{\"@type\":\"ImageObject\",\"@id\":\"https:\/\/www.handeljkb.com\/comedor-industrial\/contacto\/#primaryimage\",\"inLanguage\":\"es\",\"url\":\"https:\/\/www.handeljkb.com\/comedor-industrial\/wp-content\/uploads\/2020\/12\/Handel-2020-1.png\",\"width\":443,\"height\":455},{\"@type\":\"WebPage\",\"@id\":\"https:\/\/www.handeljkb.com\/comedor-industrial\/contacto\/#webpage\",\"url\":\"https:\/\/www.handeljkb.com\/comedor-industrial\/contacto\/\",\"name\":\"Contacto - Handel\",\"isPartOf\":{\"@id\":\"https:\/\/www.handeljkb.com\/comedor-industrial\/#website\"},\"primaryImageOfPage\":{\"@id\":\"https:\/\/www.handeljkb.com\/comedor-industrial\/contacto\/#primaryimage\"},\"datePublished\":\"2020-12-15T02:24:59+00:00\",\"dateModified\":\"2021-03-09T03:52:34+00:00\",\"breadcrumb\":{\"@id\":\"https:\/\/www.handeljkb.com\/comedor-industrial\/contacto\/#breadcrumb\"},\"inLanguage\":\"es\",\"potentialAction\":[{\"@type\":\"ReadAction\",\"target\":[\"https:\/\/www.handeljkb.com\/comedor-industrial\/contacto\/\"]}]},{\"@type\":\"BreadcrumbList\",\"@id\":\"https:\/\/www.handeljkb.com\/comedor-industrial\/contacto\/#breadcrumb\",\"itemListElement\":[{\"@type\":\"ListItem\",\"position\":1,\"item\":{\"@type\":\"WebPage\",\"@id\":\"https:\/\/www.handeljkb.com\/comedor-industrial\/\",\"url\":\"https:\/\/www.handeljkb.com\/comedor-industrial\/\",\"name\":\"Portada\"}},{\"@type\":\"ListItem\",\"position\":2,\"item\":{\"@type\":\"WebPage\",\"@id\":\"https:\/\/www.handeljkb.com\/comedor-industrial\/contacto\/\",\"url\":\"https:\/\/www.handeljkb.com\/comedor-industrial\/contacto\/\",\"name\":\"Contacto\"}}]}]}<\/script>\n<!-- \/ Yoast SEO plugin. -->","_links":{"self":[{"href":"https:\/\/www.handeljkb.com\/comedor-industrial\/wp-json\/wp\/v2\/pages\/60"}],"collection":[{"href":"https:\/\/www.handeljkb.com\/comedor-industrial\/wp-json\/wp\/v2\/pages"}],"about":[{"href":"https:\/\/www.handeljkb.com\/comedor-industrial\/wp-json\/wp\/v2\/types\/page"}],"author":[{"embeddable":true,"href":"https:\/\/www.handeljkb.com\/comedor-industrial\/wp-json\/wp\/v2\/users\/1"}],"replies":[{"embeddable":true,"href":"https:\/\/www.handeljkb.com\/comedor-industrial\/wp-json\/wp\/v2\/comments?post=60"}],"version-history":[{"count":8,"href":"https:\/\/www.handeljkb.com\/comedor-industrial\/wp-json\/wp\/v2\/pages\/60\/revisions"}],"predecessor-version":[{"id":125,"href":"https:\/\/www.handeljkb.com\/comedor-industrial\/wp-json\/wp\/v2\/pages\/60\/revisions\/125"}],"wp:attachment":[{"href":"https:\/\/www.handeljkb.com\/comedor-industrial\/wp-json\/wp\/v2\/media?parent=60"}],"curies":[{"name":"wp","href":"https:\/\/api.w.org\/{rel}","templated":true}]}}